{"id":1469,"date":"2021-11-30T12:47:36","date_gmt":"2021-11-30T11:47:36","guid":{"rendered":"https:\/\/dev3.spotondesignstudio.com\/mentions-legales\/"},"modified":"2023-02-14T21:31:16","modified_gmt":"2023-02-14T20:31:16","slug":"mentions-legales","status":"publish","type":"page","link":"https:\/\/dev3.spotondesignstudio.com\/fr\/mentions-legales\/","title":{"rendered":"Mentions l\u00e9gales"},"content":{"rendered":"<p>[et_pb_section fb_built=\u00a0\u00bb1&Prime; module_id=\u00a0\u00bbherosection\u00a0\u00bb _builder_version=\u00a0\u00bb4.19.4&Prime; _module_preset=\u00a0\u00bbdefault\u00a0\u00bb background_image=\u00a0\u00bbhttps:\/\/dev3.spotondesignstudio.com\/wp-content\/uploads\/2023\/01\/Web-EH-3-1.jpg\u00a0\u00bb parallax=\u00a0\u00bbon\u00a0\u00bb parallax_method=\u00a0\u00bboff\u00a0\u00bb height=\u00a0\u00bb700px\u00a0\u00bb custom_margin_tablet=\u00a0\u00bb\u00a0\u00bb custom_margin_phone=\u00a0\u00bb-25px||||false|false\u00a0\u00bb custom_margin_last_edited=\u00a0\u00bbon|phone\u00a0\u00bb global_colors_info=\u00a0\u00bb{}\u00a0\u00bb][\/et_pb_section][et_pb_section fb_built=\u00a0\u00bb1&Prime; _builder_version=\u00a0\u00bb4.19.4&Prime; _module_preset=\u00a0\u00bbdefault\u00a0\u00bb background_last_edited=\u00a0\u00bbon|phone\u00a0\u00bb background_mask_horizontal_offset_tablet=\u00a0\u00bb69%\u00a0\u00bb background_mask_horizontal_offset_phone=\u00a0\u00bb61%\u00a0\u00bb global_colors_info=\u00a0\u00bb{}\u00a0\u00bb][et_pb_row _builder_version=\u00a0\u00bb4.19.4&Prime; _module_preset=\u00a0\u00bbdefault\u00a0\u00bb width_tablet=\u00a0\u00bb80%\u00a0\u00bb width_phone=\u00a0\u00bb80%\u00a0\u00bb width_last_edited=\u00a0\u00bbon|phone\u00a0\u00bb hover_enabled=\u00a0\u00bb0&Prime; global_colors_info=\u00a0\u00bb{}\u00a0\u00bb module_alignment=\u00a0\u00bbcenter\u00a0\u00bb sticky_enabled=\u00a0\u00bb0&Prime;][et_pb_column _builder_version=\u00a0\u00bb4.19.4&Prime; _module_preset=\u00a0\u00bbdefault\u00a0\u00bb type=\u00a0\u00bb4_4&Prime;][et_pb_text _builder_version=\u00a0\u00bb4.19.4&Prime; _module_preset=\u00a0\u00bbdefault\u00a0\u00bb header_text_align=\u00a0\u00bbleft\u00a0\u00bb hover_enabled=\u00a0\u00bb0&Prime; global_colors_info=\u00a0\u00bb{}\u00a0\u00bb width=\u00a0\u00bb80%\u00a0\u00bb sticky_enabled=\u00a0\u00bb0&Prime;]<\/p>\n<p>&nbsp;<\/p>\n<h1>Mentions l\u00e9gales<\/h1>\n<p>[\/et_pb_text][\/et_pb_column][\/et_pb_row][et_pb_row _builder_version=\u00a0\u00bb4.19.4&Prime; _module_preset=\u00a0\u00bbdefault\u00a0\u00bb global_colors_info=\u00a0\u00bb{}\u00a0\u00bb][et_pb_column type=\u00a0\u00bb4_4&Prime; _builder_version=\u00a0\u00bb4.19.4&Prime; _module_preset=\u00a0\u00bbdefault\u00a0\u00bb global_colors_info=\u00a0\u00bb{}\u00a0\u00bb][et_pb_text _builder_version=\u00a0\u00bb4.19.4&Prime; _module_preset=\u00a0\u00bbdefault\u00a0\u00bb header_2_text_align=\u00a0\u00bbcenter\u00a0\u00bb global_colors_info=\u00a0\u00bb{}\u00a0\u00bb]<\/p>\n<h2>Informations selon \u00a7 5 TMG<\/h2>\n<p>Estelle Hau\u00dfner-Engel<br \/>\nR\u00f6nneter 42<br \/>\n41068 M\u00f6nchengladbach<\/p>\n<h2>Contact<\/h2>\n<p>T\u00e9l\u00e9phone : 015784868246<br \/>\nCourrier \u00e9lectronique : estelle.haussner@googlemail.com<\/p>\n<h2>Photos<\/h2>\n<p>Anne Hornemann<\/p>\n<h2>Conception de sites web<\/h2>\n<p>Simone Seiler-Corbett | Spot on Designstudio<\/p>\n<p>[\/et_pb_text][\/et_pb_column][\/et_pb_row][\/et_pb_section]<\/p>\n","protected":false},"excerpt":{"rendered":"<p>&nbsp; Mentions l\u00e9galesInformations selon \u00a7 5 TMG Estelle Hau\u00dfner-Engel R\u00f6nneter 42 41068 M\u00f6nchengladbach Contact T\u00e9l\u00e9phone : 015784868246 Courrier \u00e9lectronique : estelle.haussner@googlemail.com Photos Anne Hornemann Conception de sites web Simone Seiler-Corbett [&hellip;]<\/p>\n","protected":false},"author":1,"featured_media":0,"parent":0,"menu_order":0,"comment_status":"closed","ping_status":"closed","template":"","meta":{"_et_pb_use_builder":"on","_et_pb_old_content":"","_et_gb_content_width":"","inline_featured_image":false,"footnotes":""},"class_list":["post-1469","page","type-page","status-publish","hentry"],"yoast_head":"<!-- This site is optimized with the Yoast SEO plugin v20.2.1 - https:\/\/yoast.com\/wordpress\/plugins\/seo\/ -->\n<title>Mentions l\u00e9gales - Estelle Haussner<\/title>\n<meta name=\"robots\" content=\"noindex, follow, max-snippet:-1, max-image-preview:large, max-video-preview:-1\" \/>\n<meta property=\"og:locale\" content=\"fr_FR\" \/>\n<meta property=\"og:type\" content=\"article\" \/>\n<meta property=\"og:title\" content=\"Mentions l\u00e9gales - Estelle Haussner\" \/>\n<meta property=\"og:description\" content=\"&nbsp; Mentions l\u00e9galesInformations selon \u00a7 5 TMG Estelle Hau\u00dfner-Engel R\u00f6nneter 42 41068 M\u00f6nchengladbach Contact T\u00e9l\u00e9phone : 015784868246 Courrier \u00e9lectronique : estelle.haussner@googlemail.com Photos Anne Hornemann Conception de sites web Simone Seiler-Corbett [&hellip;]\" \/>\n<meta property=\"og:url\" content=\"https:\/\/dev3.spotondesignstudio.com\/fr\/mentions-legales\/\" \/>\n<meta property=\"og:site_name\" content=\"Estelle Haussner\" \/>\n<meta property=\"article:modified_time\" content=\"2023-02-14T20:31:16+00:00\" \/>\n<meta name=\"twitter:card\" content=\"summary_large_image\" \/>\n<meta name=\"twitter:label1\" content=\"Dur\u00e9e de lecture estim\u00e9e\" \/>\n\t<meta name=\"twitter:data1\" content=\"1 minute\" \/>\n<script type=\"application\/ld+json\" class=\"yoast-schema-graph\">{\"@context\":\"https:\/\/schema.org\",\"@graph\":[{\"@type\":\"WebPage\",\"@id\":\"https:\/\/dev3.spotondesignstudio.com\/fr\/mentions-legales\/\",\"url\":\"https:\/\/dev3.spotondesignstudio.com\/fr\/mentions-legales\/\",\"name\":\"Mentions l\u00e9gales - Estelle Haussner\",\"isPartOf\":{\"@id\":\"https:\/\/dev3.spotondesignstudio.com\/fr\/#website\"},\"datePublished\":\"2021-11-30T11:47:36+00:00\",\"dateModified\":\"2023-02-14T20:31:16+00:00\",\"breadcrumb\":{\"@id\":\"https:\/\/dev3.spotondesignstudio.com\/fr\/mentions-legales\/#breadcrumb\"},\"inLanguage\":\"fr-FR\",\"potentialAction\":[{\"@type\":\"ReadAction\",\"target\":[\"https:\/\/dev3.spotondesignstudio.com\/fr\/mentions-legales\/\"]}]},{\"@type\":\"BreadcrumbList\",\"@id\":\"https:\/\/dev3.spotondesignstudio.com\/fr\/mentions-legales\/#breadcrumb\",\"itemListElement\":[{\"@type\":\"ListItem\",\"position\":1,\"name\":\"Home\",\"item\":\"https:\/\/dev3.spotondesignstudio.com\/fr\/\"},{\"@type\":\"ListItem\",\"position\":2,\"name\":\"Mentions l\u00e9gales\"}]},{\"@type\":\"WebSite\",\"@id\":\"https:\/\/dev3.spotondesignstudio.com\/fr\/#website\",\"url\":\"https:\/\/dev3.spotondesignstudio.com\/fr\/\",\"name\":\"Estelle Haussner\",\"description\":\"Mezzosopran &amp; Paarberatung\",\"potentialAction\":[{\"@type\":\"SearchAction\",\"target\":{\"@type\":\"EntryPoint\",\"urlTemplate\":\"https:\/\/dev3.spotondesignstudio.com\/fr\/?s={search_term_string}\"},\"query-input\":\"required name=search_term_string\"}],\"inLanguage\":\"fr-FR\"}]}<\/script>\n<!-- \/ Yoast SEO plugin. -->","yoast_head_json":{"title":"Mentions l\u00e9gales - Estelle Haussner","robots":{"index":"noindex","follow":"follow","max-snippet":"max-snippet:-1","max-image-preview":"max-image-preview:large","max-video-preview":"max-video-preview:-1"},"og_locale":"fr_FR","og_type":"article","og_title":"Mentions l\u00e9gales - Estelle Haussner","og_description":"&nbsp; Mentions l\u00e9galesInformations selon \u00a7 5 TMG Estelle Hau\u00dfner-Engel R\u00f6nneter 42 41068 M\u00f6nchengladbach Contact T\u00e9l\u00e9phone : 015784868246 Courrier \u00e9lectronique : estelle.haussner@googlemail.com Photos Anne Hornemann Conception de sites web Simone Seiler-Corbett [&hellip;]","og_url":"https:\/\/dev3.spotondesignstudio.com\/fr\/mentions-legales\/","og_site_name":"Estelle Haussner","article_modified_time":"2023-02-14T20:31:16+00:00","twitter_card":"summary_large_image","twitter_misc":{"Dur\u00e9e de lecture estim\u00e9e":"1 minute"},"schema":{"@context":"https:\/\/schema.org","@graph":[{"@type":"WebPage","@id":"https:\/\/dev3.spotondesignstudio.com\/fr\/mentions-legales\/","url":"https:\/\/dev3.spotondesignstudio.com\/fr\/mentions-legales\/","name":"Mentions l\u00e9gales - Estelle Haussner","isPartOf":{"@id":"https:\/\/dev3.spotondesignstudio.com\/fr\/#website"},"datePublished":"2021-11-30T11:47:36+00:00","dateModified":"2023-02-14T20:31:16+00:00","breadcrumb":{"@id":"https:\/\/dev3.spotondesignstudio.com\/fr\/mentions-legales\/#breadcrumb"},"inLanguage":"fr-FR","potentialAction":[{"@type":"ReadAction","target":["https:\/\/dev3.spotondesignstudio.com\/fr\/mentions-legales\/"]}]},{"@type":"BreadcrumbList","@id":"https:\/\/dev3.spotondesignstudio.com\/fr\/mentions-legales\/#breadcrumb","itemListElement":[{"@type":"ListItem","position":1,"name":"Home","item":"https:\/\/dev3.spotondesignstudio.com\/fr\/"},{"@type":"ListItem","position":2,"name":"Mentions l\u00e9gales"}]},{"@type":"WebSite","@id":"https:\/\/dev3.spotondesignstudio.com\/fr\/#website","url":"https:\/\/dev3.spotondesignstudio.com\/fr\/","name":"Estelle Haussner","description":"Mezzosopran &amp; Paarberatung","potentialAction":[{"@type":"SearchAction","target":{"@type":"EntryPoint","urlTemplate":"https:\/\/dev3.spotondesignstudio.com\/fr\/?s={search_term_string}"},"query-input":"required name=search_term_string"}],"inLanguage":"fr-FR"}]}},"_links":{"self":[{"href":"https:\/\/dev3.spotondesignstudio.com\/fr\/wp-json\/wp\/v2\/pages\/1469","targetHints":{"allow":["GET"]}}],"collection":[{"href":"https:\/\/dev3.spotondesignstudio.com\/fr\/wp-json\/wp\/v2\/pages"}],"about":[{"href":"https:\/\/dev3.spotondesignstudio.com\/fr\/wp-json\/wp\/v2\/types\/page"}],"author":[{"embeddable":true,"href":"https:\/\/dev3.spotondesignstudio.com\/fr\/wp-json\/wp\/v2\/users\/1"}],"replies":[{"embeddable":true,"href":"https:\/\/dev3.spotondesignstudio.com\/fr\/wp-json\/wp\/v2\/comments?post=1469"}],"version-history":[{"count":5,"href":"https:\/\/dev3.spotondesignstudio.com\/fr\/wp-json\/wp\/v2\/pages\/1469\/revisions"}],"predecessor-version":[{"id":1476,"href":"https:\/\/dev3.spotondesignstudio.com\/fr\/wp-json\/wp\/v2\/pages\/1469\/revisions\/1476"}],"wp:attachment":[{"href":"https:\/\/dev3.spotondesignstudio.com\/fr\/wp-json\/wp\/v2\/media?parent=1469"}],"curies":[{"name":"wp","href":"https:\/\/api.w.org\/{rel}","templated":true}]}}